{"id":28,"date":"2025-01-31T07:59:31","date_gmt":"2025-01-31T13:59:31","guid":{"rendered":"https:\/\/fun.artereciclada.com.br\/?page_id=28"},"modified":"2025-03-17T13:26:11","modified_gmt":"2025-03-17T16:26:11","slug":"contact-us","status":"publish","type":"page","link":"https:\/\/fun.artereciclada.com.br\/de\/contact-us\/","title":{"rendered":"Contato"},"content":{"rendered":"<p>Ol\u00e1! \ud83d\ude0a Precisa entrar em contato com a equipe do <strong>Arte Fun<\/strong>? Estamos aqui para ajudar! Seja para d\u00favidas, sugest\u00f5es ou parcerias, ficaremos felizes em ouvir voc\u00ea.<\/p>\n\n\n\n<h2 class=\"wp-block-heading\"><strong>\ud83d\udce7 E-mail<\/strong><\/h2>\n\n\n\n<p>Envie sua mensagem para: <strong><a href=\"mailto:contato@artereciclada.com.br\" data-type=\"mailto\" data-id=\"mailto:contato@artereciclada.com.br\">contato@artereciclada.com.br<\/a><\/strong><\/p>\n\n\n\n<h2 class=\"wp-block-heading\"><strong>\ud83d\udd52 Hor\u00e1rio de Atendimento<\/strong><\/h2>\n\n\n\n<p>Nosso time est\u00e1 dispon\u00edvel de <strong>segunda a sexta-feira, das 8h \u00e0s 17h<\/strong>.<\/p>\n\n\n\n<p>Enviaremos uma resposta o mais r\u00e1pido poss\u00edvel!<\/p>\n\n\n\n<p>Acompanhe a <strong>Arte Fun<\/strong> e fique por dentro das novidades do mundo do entretenimento! \ud83c\udfae\ud83c\udfac\ud83c\udfb6<\/p>\n\n\n\n<p><\/p>","protected":false},"excerpt":{"rendered":"<p>Ol\u00e1! \ud83d\ude0a Precisa entrar em contato com a equipe do Arte Fun? Estamos aqui para ajudar! Seja para d\u00favidas, sugest\u00f5es ou parcerias, ficaremos felizes em ouvir voc\u00ea. \ud83d\udce7 E-mail Envie sua mensagem para: contato@artereciclada.com.br \ud83d\udd52 Hor\u00e1rio de Atendimento Nosso time est\u00e1 dispon\u00edvel de segunda a sexta-feira, das 8h \u00e0s 17h. Enviaremos uma resposta o mais [&hellip;]<\/p>\n","protected":false},"author":1,"featured_media":73,"parent":0,"menu_order":0,"comment_status":"closed","ping_status":"closed","template":"","meta":{"footnotes":""},"class_list":["post-28","page","type-page","status-publish","has-post-thumbnail","hentry"],"blocksy_meta":[],"_links":{"self":[{"href":"https:\/\/fun.artereciclada.com.br\/de\/wp-json\/wp\/v2\/pages\/28","targetHints":{"allow":["GET"]}}],"collection":[{"href":"https:\/\/fun.artereciclada.com.br\/de\/wp-json\/wp\/v2\/pages"}],"about":[{"href":"https:\/\/fun.artereciclada.com.br\/de\/wp-json\/wp\/v2\/types\/page"}],"author":[{"embeddable":true,"href":"https:\/\/fun.artereciclada.com.br\/de\/wp-json\/wp\/v2\/users\/1"}],"replies":[{"embeddable":true,"href":"https:\/\/fun.artereciclada.com.br\/de\/wp-json\/wp\/v2\/comments?post=28"}],"version-history":[{"count":2,"href":"https:\/\/fun.artereciclada.com.br\/de\/wp-json\/wp\/v2\/pages\/28\/revisions"}],"predecessor-version":[{"id":211,"href":"https:\/\/fun.artereciclada.com.br\/de\/wp-json\/wp\/v2\/pages\/28\/revisions\/211"}],"wp:featuredmedia":[{"embeddable":true,"href":"https:\/\/fun.artereciclada.com.br\/de\/wp-json\/wp\/v2\/media\/73"}],"wp:attachment":[{"href":"https:\/\/fun.artereciclada.com.br\/de\/wp-json\/wp\/v2\/media?parent=28"}],"curies":[{"name":"wp","href":"https:\/\/api.w.org\/{rel}","templated":true}]}}